{"id":920,"date":"2024-08-29T13:20:48","date_gmt":"2024-08-29T13:20:48","guid":{"rendered":"https:\/\/cusatoriahar.com\/?post_type=product&#038;p=920"},"modified":"2025-10-13T15:13:34","modified_gmt":"2025-10-13T15:13:34","slug":"tablou-hora","status":"publish","type":"product","link":"https:\/\/cusatoriahar.com\/en\/product\/tablou-hora\/","title":{"rendered":"Tablou  &#8222;Hora&#8221;"},"content":{"rendered":"<h1>Tablou decor cu motiv tradi\u021bional &#8222;Hora&#8221;<\/h1>\n<p>Acest produs a fost realizat manual reprezent\u00e2nd un motiv inspirat din portul popular rom\u00e2nesc. Modelele dup\u0103 care lucr\u0103m sunt extrase din expozi\u021bii ale muzeelor, c\u0103m\u0103\u0219i str\u0103vechi \u0219i albume cu motive \u021b\u0103r\u0103ne\u0219ti.<\/p>\n<h3><strong>Motive prezente:\u00a0<\/strong><\/h3>\n<p><span style=\"font-weight: 400;\">Hora, <\/span><span style=\"font-weight: 400;\">comoar\u0103 estetic\u0103 unic\u0103 &#8211; reprezint\u0103 dansul practicat \u00een cadrul s\u0103rb\u0103torilor calendaristice, ceremonialurilor de familie, precum \u0219i \u00een repertoriul Horei satului, obicei consacrat al neamului, organizat \u00een zilele de odihn\u0103 \u0219i de s\u0103rb\u0103tori. Are o valoare incontestabil\u0103, o marc\u0103 de identificare \u00een lume a spiritualit\u0103\u021bii poporului nostru.<\/span><\/p>\n<p><span style=\"font-weight: 400;\">Limbajul dansului demonstreaz\u0103 dorin\u021ba de libertate \u0219i suveranitate, f\u0103ure\u0219te emo\u021bii, protejeaz\u0103 desc\u0103tu\u0219area unor sim\u021biri, a curajului, a iubirii de spa\u021biu \u0219i lume, ofer\u0103 trupului omenesc gra\u021bie, frumuse\u021be, s\u0103n\u0103tate.\u00a0<\/span><\/p>\n<p><span style=\"font-weight: 400;\">Este un dans domol, al lini\u0219tei \u0219i solidarit\u0103\u021bii suflete\u0219ti, care contrasteaz\u0103 cu alte dansuri rom\u00e2ne\u0219ti caracteristice prin mi\u0219c\u0103ri repezi (Br\u00e2ul, S\u00e2rba), adesea vijelioase (Ciuleandra). <\/span><\/p>\n<h3><strong>Materiale folosite: <\/strong><\/h3>\n<p><span style=\"font-weight: 400;\">Etamin\u0103, a\u021b\u0103 pentru cusut model, ram\u0103<\/span><\/p>\n<h3><strong>Dimensiuni perfecte:<\/strong><\/h3>\n<p>Cu dimensiuni echilibrate a modelul cusut: de 10&#215;15 cm, acest obiect de decor poate fi pus pe un birou, comod\u0103 sau poate fii ag\u0103\u021bat pe perete.<\/p>\n<h3><strong>Ambalaj:<\/strong><\/h3>\n<p>Pung\u0103 craft cu etichet\u0103 \u0219i descrierea simbolului, fundi\u021b\u0103 \u0219i umplututr\u0103 de h\u00e2rtie de m\u0103tase, perfect pentru a fi oferit cadou.<\/p>\n<h3><strong>Procesul nostru de crea\u021bie manual\u0103:\u00a0<\/strong><\/h3>\n<ul>\n<li style=\"font-weight: 400;\" aria-level=\"1\"><span style=\"font-weight: 400;\">alegem modelul dorit \u0219i preg\u0103tim schi\u021ba pe foi\u00a0\u00a0<\/span><\/li>\n<li style=\"font-weight: 400;\" aria-level=\"1\"><span style=\"font-weight: 400;\">coasem pe etamin\u0103 modelul ales<\/span><\/li>\n<li style=\"font-weight: 400;\" aria-level=\"1\"><span style=\"font-weight: 400;\">t\u0103iem la dimensiune etamina\u00a0<\/span><\/li>\n<li style=\"font-weight: 400;\" aria-level=\"1\"><span style=\"font-weight: 400;\">alegem rama potrivit\u0103 care scoate \u00een eviden\u021b\u0103 modelul<\/span><\/li>\n<li style=\"font-weight: 400;\" aria-level=\"1\"><span style=\"font-weight: 400;\">ambal\u0103m delicat produsul \u0219i \u00eel preg\u0103tim de livrare<\/span><\/li>\n<\/ul>\n<p><span style=\"font-weight: 400;\">Fiecare pas presupune r\u0103bdare, migal\u0103, mult\u0103 iubire pentru ce facem \u0219i timp astfel \u00eenc\u00e2t produsul final s\u0103 fie delicat \u0219i rezistent \u00een acela\u0219i timp.<\/span><\/p>\n<p>Te felicit\u0103m pentru contribu\u021bia adus\u0103 la p\u0103strarea tradi\u021biilor, identit\u0103\u021bii \u0219i autenticit\u0103\u021bii rom\u00e2ne\u0219ti. Alegerile tale sunt importante!<\/p>\n<h3><strong>Produs realizat in edi\u021bie limitata!<\/strong><\/h3>","protected":false},"excerpt":{"rendered":"<p>Tablou decor cu motiv tradi\u021bional &#8222;Hora&#8221; Acest produs a fost realizat manual reprezent\u00e2nd un motiv inspirat din portul popular rom\u00e2nesc. Modelele dup\u0103 care lucr\u0103m sunt extrase din expozi\u021bii ale muzeelor, c\u0103m\u0103\u0219i str\u0103vechi \u0219i albume cu motive \u021b\u0103r\u0103ne\u0219ti. Motive prezente:\u00a0 Hora, comoar\u0103 estetic\u0103 unic\u0103 &#8211; reprezint\u0103 dansul practicat \u00een cadrul s\u0103rb\u0103torilor calendaristice, ceremonialurilor de familie, precum [&hellip;]<\/p>","protected":false},"featured_media":921,"template":"","meta":[],"product_cat":[55],"product_tag":[50,48,58,57,56],"class_list":["post-920","product","type-product","status-publish","has-post-thumbnail","hentry","product_cat-tablouri-decor","product_tag-cadou","product_tag-comtemporan","product_tag-decor","product_tag-decor-traditional","product_tag-tablou"],"yoast_head":"<!-- This site is optimized with the Yoast SEO plugin v21.5 - https:\/\/yoast.com\/wordpress\/plugins\/seo\/ -->\n<title>Tablou &quot;Hora&quot; - Cus\u0103toria Har<\/title>\n<meta name=\"description\" content=\"Hora, comoar\u0103 estetic\u0103 unic\u0103 reprezint\u0103 dansul practicat \u00een cadrul s\u0103rb\u0103torilor calendaristice, ceremonialurilor de familie, precum \u0219i \u00een Hora satului\" \/>\n<meta name=\"robots\" content=\"index, follow, max-snippet:-1, max-image-preview:large, max-video-preview:-1\" \/>\n<link rel=\"canonical\" href=\"https:\/\/cusatoriahar.com\/en\/product\/tablou-hora\/\" \/>\n<meta property=\"og:locale\" content=\"en_US\" \/>\n<meta property=\"og:type\" content=\"article\" \/>\n<meta property=\"og:title\" content=\"Tablou &quot;Hora&quot; - Cus\u0103toria Har\" \/>\n<meta property=\"og:description\" content=\"Hora, comoar\u0103 estetic\u0103 unic\u0103 reprezint\u0103 dansul practicat \u00een cadrul s\u0103rb\u0103torilor calendaristice, ceremonialurilor de familie, precum \u0219i \u00een Hora satului\" \/>\n<meta property=\"og:url\" content=\"https:\/\/cusatoriahar.com\/en\/product\/tablou-hora\/\" \/>\n<meta property=\"og:site_name\" content=\"Cus\u0103toria Har\" \/>\n<meta property=\"article:modified_time\" content=\"2025-10-13T15:13:34+00:00\" \/>\n<meta property=\"og:image\" content=\"https:\/\/cusatoriahar.com\/wp-content\/uploads\/2024\/08\/Photoroom-20240820_162038-1-1024x1024.png\" \/>\n\t<meta property=\"og:image:width\" content=\"1024\" \/>\n\t<meta property=\"og:image:height\" content=\"1024\" \/>\n\t<meta property=\"og:image:type\" content=\"image\/png\" \/>\n<meta name=\"twitter:card\" content=\"summary_large_image\" \/>\n<meta name=\"twitter:label1\" content=\"Est. reading time\" \/>\n\t<meta name=\"twitter:data1\" content=\"2 minutes\" \/>\n<script type=\"application\/ld+json\" class=\"yoast-schema-graph\">{\"@context\":\"https:\/\/schema.org\",\"@graph\":[{\"@type\":\"WebPage\",\"@id\":\"https:\/\/cusatoriahar.com\/product\/tablou-hora\/\",\"url\":\"https:\/\/cusatoriahar.com\/product\/tablou-hora\/\",\"name\":\"Tablou \\\"Hora\\\" - Cus\u0103toria Har\",\"isPartOf\":{\"@id\":\"https:\/\/cusatoriahar.com\/#website\"},\"datePublished\":\"2024-08-29T13:20:48+00:00\",\"dateModified\":\"2025-10-13T15:13:34+00:00\",\"description\":\"Hora, comoar\u0103 estetic\u0103 unic\u0103 reprezint\u0103 dansul practicat \u00een cadrul s\u0103rb\u0103torilor calendaristice, ceremonialurilor de familie, precum \u0219i \u00een Hora satului\",\"breadcrumb\":{\"@id\":\"https:\/\/cusatoriahar.com\/product\/tablou-hora\/#breadcrumb\"},\"inLanguage\":\"en-US\",\"potentialAction\":[{\"@type\":\"ReadAction\",\"target\":[\"https:\/\/cusatoriahar.com\/product\/tablou-hora\/\"]}]},{\"@type\":\"BreadcrumbList\",\"@id\":\"https:\/\/cusatoriahar.com\/product\/tablou-hora\/#breadcrumb\",\"itemListElement\":[{\"@type\":\"ListItem\",\"position\":1,\"name\":\"Home\",\"item\":\"https:\/\/cusatoriahar.com\/\"},{\"@type\":\"ListItem\",\"position\":2,\"name\":\"Produse\",\"item\":\"https:\/\/cusatoriahar.com\/shop\/\"},{\"@type\":\"ListItem\",\"position\":3,\"name\":\"Tablou &#8220;Hora&#8221;\"}]},{\"@type\":\"WebSite\",\"@id\":\"https:\/\/cusatoriahar.com\/#website\",\"url\":\"https:\/\/cusatoriahar.com\/\",\"name\":\"Cus\u0103toria Har\",\"description\":\"\",\"potentialAction\":[{\"@type\":\"SearchAction\",\"target\":{\"@type\":\"EntryPoint\",\"urlTemplate\":\"https:\/\/cusatoriahar.com\/?s={search_term_string}\"},\"query-input\":\"required name=search_term_string\"}],\"inLanguage\":\"en-US\"}]}<\/script>\n<!-- \/ Yoast SEO plugin. -->","yoast_head_json":{"title":"Tablou \"Hora\" - Cus\u0103toria Har","description":"Hora, comoar\u0103 estetic\u0103 unic\u0103 reprezint\u0103 dansul practicat \u00een cadrul s\u0103rb\u0103torilor calendaristice, ceremonialurilor de familie, precum \u0219i \u00een Hora satului","robots":{"index":"index","follow":"follow","max-snippet":"max-snippet:-1","max-image-preview":"max-image-preview:large","max-video-preview":"max-video-preview:-1"},"canonical":"https:\/\/cusatoriahar.com\/en\/product\/tablou-hora\/","og_locale":"en_US","og_type":"article","og_title":"Tablou \"Hora\" - Cus\u0103toria Har","og_description":"Hora, comoar\u0103 estetic\u0103 unic\u0103 reprezint\u0103 dansul practicat \u00een cadrul s\u0103rb\u0103torilor calendaristice, ceremonialurilor de familie, precum \u0219i \u00een Hora satului","og_url":"https:\/\/cusatoriahar.com\/en\/product\/tablou-hora\/","og_site_name":"Cus\u0103toria Har","article_modified_time":"2025-10-13T15:13:34+00:00","og_image":[{"width":1024,"height":1024,"url":"https:\/\/cusatoriahar.com\/wp-content\/uploads\/2024\/08\/Photoroom-20240820_162038-1-1024x1024.png","type":"image\/png"}],"twitter_card":"summary_large_image","twitter_misc":{"Est. reading time":"2 minutes"},"schema":{"@context":"https:\/\/schema.org","@graph":[{"@type":"WebPage","@id":"https:\/\/cusatoriahar.com\/product\/tablou-hora\/","url":"https:\/\/cusatoriahar.com\/product\/tablou-hora\/","name":"Tablou \"Hora\" - Cus\u0103toria Har","isPartOf":{"@id":"https:\/\/cusatoriahar.com\/#website"},"datePublished":"2024-08-29T13:20:48+00:00","dateModified":"2025-10-13T15:13:34+00:00","description":"Hora, comoar\u0103 estetic\u0103 unic\u0103 reprezint\u0103 dansul practicat \u00een cadrul s\u0103rb\u0103torilor calendaristice, ceremonialurilor de familie, precum \u0219i \u00een Hora satului","breadcrumb":{"@id":"https:\/\/cusatoriahar.com\/product\/tablou-hora\/#breadcrumb"},"inLanguage":"en-US","potentialAction":[{"@type":"ReadAction","target":["https:\/\/cusatoriahar.com\/product\/tablou-hora\/"]}]},{"@type":"BreadcrumbList","@id":"https:\/\/cusatoriahar.com\/product\/tablou-hora\/#breadcrumb","itemListElement":[{"@type":"ListItem","position":1,"name":"Home","item":"https:\/\/cusatoriahar.com\/"},{"@type":"ListItem","position":2,"name":"Produse","item":"https:\/\/cusatoriahar.com\/shop\/"},{"@type":"ListItem","position":3,"name":"Tablou &#8220;Hora&#8221;"}]},{"@type":"WebSite","@id":"https:\/\/cusatoriahar.com\/#website","url":"https:\/\/cusatoriahar.com\/","name":"Cus\u0103toria Har","description":"","potentialAction":[{"@type":"SearchAction","target":{"@type":"EntryPoint","urlTemplate":"https:\/\/cusatoriahar.com\/?s={search_term_string}"},"query-input":"required name=search_term_string"}],"inLanguage":"en-US"}]}},"_links":{"self":[{"href":"https:\/\/cusatoriahar.com\/en\/wp-json\/wp\/v2\/product\/920","targetHints":{"allow":["GET"]}}],"collection":[{"href":"https:\/\/cusatoriahar.com\/en\/wp-json\/wp\/v2\/product"}],"about":[{"href":"https:\/\/cusatoriahar.com\/en\/wp-json\/wp\/v2\/types\/product"}],"wp:featuredmedia":[{"embeddable":true,"href":"https:\/\/cusatoriahar.com\/en\/wp-json\/wp\/v2\/media\/921"}],"wp:attachment":[{"href":"https:\/\/cusatoriahar.com\/en\/wp-json\/wp\/v2\/media?parent=920"}],"wp:term":[{"taxonomy":"product_cat","embeddable":true,"href":"https:\/\/cusatoriahar.com\/en\/wp-json\/wp\/v2\/product_cat?post=920"},{"taxonomy":"product_tag","embeddable":true,"href":"https:\/\/cusatoriahar.com\/en\/wp-json\/wp\/v2\/product_tag?post=920"}],"curies":[{"name":"wp","href":"https:\/\/api.w.org\/{rel}","templated":true}]}}