{"id":941,"date":"2024-08-29T14:49:43","date_gmt":"2024-08-29T14:49:43","guid":{"rendered":"https:\/\/cusatoriahar.com\/?post_type=product&#038;p=941"},"modified":"2024-08-30T10:02:22","modified_gmt":"2024-08-30T10:02:22","slug":"tricou-barbati-cu-motiv-traditional-alb","status":"publish","type":"product","link":"https:\/\/cusatoriahar.com\/en\/product\/tricou-barbati-cu-motiv-traditional-alb\/","title":{"rendered":"Tricou b\u0103rba\u021bi cu motiv tradi\u021bional (alb)"},"content":{"rendered":"<h1>Tricou b\u0103rba\u021bi cu motiv tradi\u021bional Steaua Nordului alb<\/h1>\n<p>Acest produs a fost realizat manual reprezent\u00e2nd un motiv inspirat din portul popular rom\u00e2nesc. Modelele dup\u0103 care lucr\u0103m sunt extrase din expozi\u021bii ale muzeelor, c\u0103m\u0103\u0219i str\u0103vechi \u0219i albume cu motive \u021b\u0103r\u0103ne\u0219ti.<\/p>\n<h3><strong>Motive prezente:\u00a0<\/strong><\/h3>\n<p>Steaua Nordului (steaua cu 8 col\u021buri) \u2013 reprezint\u0103 ascensiunea \u0219i apropierea de energia divin\u0103. Este c\u0103l\u0103uza purt\u0103torului, un reper c\u0103tre sursa de lumin\u0103 \u0219i energia regeneratoare, \u00eendrum\u00e2ndu-l \u00een direc\u021bia bun\u0103 \u00een via\u021b\u0103. Steaua Nordului este unul dintre cele mai r\u0103sp\u00e2ndite motive pe tot cuprinsul \u021b\u0103rii.<\/p>\n<h3><strong>Materiale folosite: <\/strong><\/h3>\n<p><span style=\"font-weight: 400;\">Etamin\u0103, a\u021b\u0103 pentru cusut model, tricou bumbac.<\/span><\/p>\n<h3><strong>\u00centre\u021binere:<\/strong><\/h3>\n<p><span style=\"font-weight: 400;\">Se poate sp\u0103la de m\u00e2n\u0103 sau la ma\u0219ina de sp\u0103lat haine, maxim 30 grade. Dac\u0103 este nevoie se poate c\u0103lca.<\/span><\/p>\n<h3><strong>M\u0103rimi:<\/strong><\/h3>\n<p><span style=\"font-weight: 400;\">Dup\u0103 plasarea comenzii ve\u021bi fi contactat(\u0103) \u00een cel mai scurt timp pentru detaliile \u00een ceea ce prive\u0219te livrarea \u0219i m\u0103rimea solicitat\u0103. <\/span><\/p>\n<h3><strong>Procesul nostru de crea\u021bie manual\u0103:\u00a0<\/strong><\/h3>\n<ul>\n<li style=\"font-weight: 400;\" aria-level=\"1\"><span style=\"font-weight: 400;\">alegem modelul dorit \u0219i preg\u0103tim schi\u021ba pe foi\u00a0\u00a0<\/span><\/li>\n<li style=\"font-weight: 400;\" aria-level=\"1\"><span style=\"font-weight: 400;\">coasem pe etamin\u0103 modelul ales<\/span><\/li>\n<li style=\"font-weight: 400;\" aria-level=\"1\"><span style=\"font-weight: 400;\">t\u0103iem la dimensiune etamina\u00a0<\/span><\/li>\n<li style=\"font-weight: 400;\" aria-level=\"1\"><span style=\"font-weight: 400;\">alegem tricoul potrivit care scoate \u00een evidenta modelul<\/span><\/li>\n<li aria-level=\"1\">coasem banda de etamina pe tricou<\/li>\n<li style=\"font-weight: 400;\" aria-level=\"1\"><span style=\"font-weight: 400;\">ambal\u0103m delicat produsul \u0219i \u00eel preg\u0103tim de livrare<\/span><\/li>\n<\/ul>\n<p><span style=\"font-weight: 400;\">Fiecare pas presupune r\u0103bdare, migal\u0103, mult\u0103 iubire pentru ce facem \u0219i timp astfel \u00eenc\u00e2t produsul final s\u0103 fie delicat \u0219i rezistent \u00een acela\u0219i timp.<\/span><\/p>\n<p>Te felicit\u0103m pentru contribu\u021bia adus\u0103 la p\u0103strarea tradi\u021biilor, identit\u0103\u021bii \u0219i autenticit\u0103\u021bii rom\u00e2ne\u0219ti. Alegerile tale sunt importante!<\/p>\n<h3><strong>Produs realizat \u00een edi\u021bie limitat\u0103!<\/strong><\/h3>","protected":false},"excerpt":{"rendered":"<p>Tricou b\u0103rba\u021bi cu motiv tradi\u021bional Steaua Nordului alb Acest produs a fost realizat manual reprezent\u00e2nd un motiv inspirat din portul popular rom\u00e2nesc. Modelele dup\u0103 care lucr\u0103m sunt extrase din expozi\u021bii ale muzeelor, c\u0103m\u0103\u0219i str\u0103vechi \u0219i albume cu motive \u021b\u0103r\u0103ne\u0219ti. Motive prezente:\u00a0 Steaua Nordului (steaua cu 8 col\u021buri) \u2013 reprezint\u0103 ascensiunea \u0219i apropierea de energia divin\u0103. [&hellip;]<\/p>","protected":false},"featured_media":933,"template":"","meta":[],"product_cat":[59],"product_tag":[50,48,58,57,56],"class_list":["post-941","product","type-product","status-publish","has-post-thumbnail","hentry","product_cat-textile","product_tag-cadou","product_tag-comtemporan","product_tag-decor","product_tag-decor-traditional","product_tag-tablou"],"yoast_head":"<!-- This site is optimized with the Yoast SEO plugin v21.5 - https:\/\/yoast.com\/wordpress\/plugins\/seo\/ -->\n<title>Tricou b\u0103rba\u021bi cu motiv tradi\u021bional (alb) - Cus\u0103toria Har<\/title>\n<meta name=\"description\" content=\"Steaua Nordului reprezint\u0103 ascensiunea \u0219i apropierea de energia divin\u0103. Este c\u0103l\u0103uza purt\u0103torului, un reper c\u0103tre sursa de lumin\u0103 \u0219i energie\" \/>\n<meta name=\"robots\" content=\"index, follow, max-snippet:-1, max-image-preview:large, max-video-preview:-1\" \/>\n<link rel=\"canonical\" href=\"https:\/\/cusatoriahar.com\/en\/product\/tricou-barbati-cu-motiv-traditional-alb\/\" \/>\n<meta property=\"og:locale\" content=\"en_US\" \/>\n<meta property=\"og:type\" content=\"article\" \/>\n<meta property=\"og:title\" content=\"Tricou b\u0103rba\u021bi cu motiv tradi\u021bional (alb) - Cus\u0103toria Har\" \/>\n<meta property=\"og:description\" content=\"Steaua Nordului reprezint\u0103 ascensiunea \u0219i apropierea de energia divin\u0103. Este c\u0103l\u0103uza purt\u0103torului, un reper c\u0103tre sursa de lumin\u0103 \u0219i energie\" \/>\n<meta property=\"og:url\" content=\"https:\/\/cusatoriahar.com\/en\/product\/tricou-barbati-cu-motiv-traditional-alb\/\" \/>\n<meta property=\"og:site_name\" content=\"Cus\u0103toria Har\" \/>\n<meta property=\"article:modified_time\" content=\"2024-08-30T10:02:22+00:00\" \/>\n<meta property=\"og:image\" content=\"https:\/\/cusatoriahar.com\/wp-content\/uploads\/2024\/08\/Photoroom-20240723_171144-3.png\" \/>\n\t<meta property=\"og:image:width\" content=\"1332\" \/>\n\t<meta property=\"og:image:height\" content=\"1849\" \/>\n\t<meta property=\"og:image:type\" content=\"image\/png\" \/>\n<meta name=\"twitter:card\" content=\"summary_large_image\" \/>\n<meta name=\"twitter:label1\" content=\"Est. reading time\" \/>\n\t<meta name=\"twitter:data1\" content=\"1 minute\" \/>\n<script type=\"application\/ld+json\" class=\"yoast-schema-graph\">{\"@context\":\"https:\/\/schema.org\",\"@graph\":[{\"@type\":\"WebPage\",\"@id\":\"https:\/\/cusatoriahar.com\/product\/tricou-barbati-cu-motiv-traditional-alb\/\",\"url\":\"https:\/\/cusatoriahar.com\/product\/tricou-barbati-cu-motiv-traditional-alb\/\",\"name\":\"Tricou b\u0103rba\u021bi cu motiv tradi\u021bional (alb) - Cus\u0103toria Har\",\"isPartOf\":{\"@id\":\"https:\/\/cusatoriahar.com\/#website\"},\"datePublished\":\"2024-08-29T14:49:43+00:00\",\"dateModified\":\"2024-08-30T10:02:22+00:00\",\"description\":\"Steaua Nordului reprezint\u0103 ascensiunea \u0219i apropierea de energia divin\u0103. Este c\u0103l\u0103uza purt\u0103torului, un reper c\u0103tre sursa de lumin\u0103 \u0219i energie\",\"breadcrumb\":{\"@id\":\"https:\/\/cusatoriahar.com\/product\/tricou-barbati-cu-motiv-traditional-alb\/#breadcrumb\"},\"inLanguage\":\"en-US\",\"potentialAction\":[{\"@type\":\"ReadAction\",\"target\":[\"https:\/\/cusatoriahar.com\/product\/tricou-barbati-cu-motiv-traditional-alb\/\"]}]},{\"@type\":\"BreadcrumbList\",\"@id\":\"https:\/\/cusatoriahar.com\/product\/tricou-barbati-cu-motiv-traditional-alb\/#breadcrumb\",\"itemListElement\":[{\"@type\":\"ListItem\",\"position\":1,\"name\":\"Home\",\"item\":\"https:\/\/cusatoriahar.com\/\"},{\"@type\":\"ListItem\",\"position\":2,\"name\":\"Produse\",\"item\":\"https:\/\/cusatoriahar.com\/shop\/\"},{\"@type\":\"ListItem\",\"position\":3,\"name\":\"Tricou b\u0103rba\u021bi cu motiv tradi\u021bional (alb)\"}]},{\"@type\":\"WebSite\",\"@id\":\"https:\/\/cusatoriahar.com\/#website\",\"url\":\"https:\/\/cusatoriahar.com\/\",\"name\":\"Cus\u0103toria Har\",\"description\":\"\",\"potentialAction\":[{\"@type\":\"SearchAction\",\"target\":{\"@type\":\"EntryPoint\",\"urlTemplate\":\"https:\/\/cusatoriahar.com\/?s={search_term_string}\"},\"query-input\":\"required name=search_term_string\"}],\"inLanguage\":\"en-US\"}]}<\/script>\n<!-- \/ Yoast SEO plugin. -->","yoast_head_json":{"title":"Tricou b\u0103rba\u021bi cu motiv tradi\u021bional (alb) - Cus\u0103toria Har","description":"Steaua Nordului reprezint\u0103 ascensiunea \u0219i apropierea de energia divin\u0103. Este c\u0103l\u0103uza purt\u0103torului, un reper c\u0103tre sursa de lumin\u0103 \u0219i energie","robots":{"index":"index","follow":"follow","max-snippet":"max-snippet:-1","max-image-preview":"max-image-preview:large","max-video-preview":"max-video-preview:-1"},"canonical":"https:\/\/cusatoriahar.com\/en\/product\/tricou-barbati-cu-motiv-traditional-alb\/","og_locale":"en_US","og_type":"article","og_title":"Tricou b\u0103rba\u021bi cu motiv tradi\u021bional (alb) - Cus\u0103toria Har","og_description":"Steaua Nordului reprezint\u0103 ascensiunea \u0219i apropierea de energia divin\u0103. Este c\u0103l\u0103uza purt\u0103torului, un reper c\u0103tre sursa de lumin\u0103 \u0219i energie","og_url":"https:\/\/cusatoriahar.com\/en\/product\/tricou-barbati-cu-motiv-traditional-alb\/","og_site_name":"Cus\u0103toria Har","article_modified_time":"2024-08-30T10:02:22+00:00","og_image":[{"width":1332,"height":1849,"url":"https:\/\/cusatoriahar.com\/wp-content\/uploads\/2024\/08\/Photoroom-20240723_171144-3.png","type":"image\/png"}],"twitter_card":"summary_large_image","twitter_misc":{"Est. reading time":"1 minute"},"schema":{"@context":"https:\/\/schema.org","@graph":[{"@type":"WebPage","@id":"https:\/\/cusatoriahar.com\/product\/tricou-barbati-cu-motiv-traditional-alb\/","url":"https:\/\/cusatoriahar.com\/product\/tricou-barbati-cu-motiv-traditional-alb\/","name":"Tricou b\u0103rba\u021bi cu motiv tradi\u021bional (alb) - Cus\u0103toria Har","isPartOf":{"@id":"https:\/\/cusatoriahar.com\/#website"},"datePublished":"2024-08-29T14:49:43+00:00","dateModified":"2024-08-30T10:02:22+00:00","description":"Steaua Nordului reprezint\u0103 ascensiunea \u0219i apropierea de energia divin\u0103. Este c\u0103l\u0103uza purt\u0103torului, un reper c\u0103tre sursa de lumin\u0103 \u0219i energie","breadcrumb":{"@id":"https:\/\/cusatoriahar.com\/product\/tricou-barbati-cu-motiv-traditional-alb\/#breadcrumb"},"inLanguage":"en-US","potentialAction":[{"@type":"ReadAction","target":["https:\/\/cusatoriahar.com\/product\/tricou-barbati-cu-motiv-traditional-alb\/"]}]},{"@type":"BreadcrumbList","@id":"https:\/\/cusatoriahar.com\/product\/tricou-barbati-cu-motiv-traditional-alb\/#breadcrumb","itemListElement":[{"@type":"ListItem","position":1,"name":"Home","item":"https:\/\/cusatoriahar.com\/"},{"@type":"ListItem","position":2,"name":"Produse","item":"https:\/\/cusatoriahar.com\/shop\/"},{"@type":"ListItem","position":3,"name":"Tricou b\u0103rba\u021bi cu motiv tradi\u021bional (alb)"}]},{"@type":"WebSite","@id":"https:\/\/cusatoriahar.com\/#website","url":"https:\/\/cusatoriahar.com\/","name":"Cus\u0103toria Har","description":"","potentialAction":[{"@type":"SearchAction","target":{"@type":"EntryPoint","urlTemplate":"https:\/\/cusatoriahar.com\/?s={search_term_string}"},"query-input":"required name=search_term_string"}],"inLanguage":"en-US"}]}},"_links":{"self":[{"href":"https:\/\/cusatoriahar.com\/en\/wp-json\/wp\/v2\/product\/941","targetHints":{"allow":["GET"]}}],"collection":[{"href":"https:\/\/cusatoriahar.com\/en\/wp-json\/wp\/v2\/product"}],"about":[{"href":"https:\/\/cusatoriahar.com\/en\/wp-json\/wp\/v2\/types\/product"}],"wp:featuredmedia":[{"embeddable":true,"href":"https:\/\/cusatoriahar.com\/en\/wp-json\/wp\/v2\/media\/933"}],"wp:attachment":[{"href":"https:\/\/cusatoriahar.com\/en\/wp-json\/wp\/v2\/media?parent=941"}],"wp:term":[{"taxonomy":"product_cat","embeddable":true,"href":"https:\/\/cusatoriahar.com\/en\/wp-json\/wp\/v2\/product_cat?post=941"},{"taxonomy":"product_tag","embeddable":true,"href":"https:\/\/cusatoriahar.com\/en\/wp-json\/wp\/v2\/product_tag?post=941"}],"curies":[{"name":"wp","href":"https:\/\/api.w.org\/{rel}","templated":true}]}}