{"id":953,"date":"2024-08-30T11:45:36","date_gmt":"2024-08-30T11:45:36","guid":{"rendered":"https:\/\/cusatoriahar.com\/?post_type=product&#038;p=953"},"modified":"2025-10-13T15:13:16","modified_gmt":"2025-10-13T15:13:16","slug":"tablou-cusatura-artizanala-transilvana","status":"publish","type":"product","link":"https:\/\/cusatoriahar.com\/en\/product\/tablou-cusatura-artizanala-transilvana\/","title":{"rendered":"Tablou  &#8222;Cusatura artizanala Transilvana&#8221;"},"content":{"rendered":"<h1>Tablou decor cu motiv tradi\u021bional &#8222;Cusatura artizanala Transilvana&#8221;<\/h1>\n<p>Acest produs a fost realizat manual reprezent\u00e2nd un motiv inspirat din portul popular rom\u00e2nesc. Modelele dup\u0103 care lucr\u0103m sunt extrase din expozi\u021bii ale muzeelor, c\u0103m\u0103\u0219i str\u0103vechi \u0219i albume cu motive \u021b\u0103r\u0103ne\u0219ti.<\/p>\n<h3><strong>Motive prezente:\u00a0<\/strong><\/h3>\n<p><span style=\"font-weight: 400;\">Rombul \u00een cusatura artizanala din Trnasilvania, <\/span><span style=\"font-weight: 400;\">nu avea doar un rol estetic, ci era si un mod de exprimare pentru persoana care avea obiectul cusut in gospodarie. <\/span><span style=\"font-weight: 400;\">Acest simbol este peste tot, nu numai \u00een iile autentice \u015fi \u00een portul popular. Mai este brodat pe carpete, \u015ftergare, este pictat sau sculptat pe case \u015fi pe garduri, \u00een sate.<\/span><\/p>\n<p><span style=\"font-weight: 400;\">Crucea este un simbol al echilibrului. Prin modelele in care era folosita crucea se considera ca purtatorul este mai aproape cu Dumnezeu. <\/span><\/p>\n<h3><strong>Materiale folosite: <\/strong><\/h3>\n<p><span style=\"font-weight: 400;\">Etamin\u0103, a\u021b\u0103 pentru cusut model, ram\u0103<\/span><\/p>\n<h3><strong>Dimensiuni perfecte:<\/strong><\/h3>\n<p>Cu dimensiuni echilibrate a modelul cusut: de 13&#215;18 cm, acest obiect de decor poate fi pus pe un birou, comod\u0103 sau poate fii ag\u0103\u021bat pe perete.<\/p>\n<h3><strong>Ambalaj:<\/strong><\/h3>\n<p>Pung\u0103 craft cu etichet\u0103 \u0219i descrierea simbolului, fundi\u021b\u0103 \u0219i umplututr\u0103 de h\u00e2rtie de m\u0103tase, perfect pentru a fi oferit cadou.<\/p>\n<h3><strong>Procesul nostru de crea\u021bie manual\u0103:\u00a0<\/strong><\/h3>\n<ul>\n<li style=\"font-weight: 400;\" aria-level=\"1\"><span style=\"font-weight: 400;\">alegem modelul dorit \u0219i preg\u0103tim schi\u021ba pe foi\u00a0\u00a0<\/span><\/li>\n<li style=\"font-weight: 400;\" aria-level=\"1\"><span style=\"font-weight: 400;\">coasem pe etamin\u0103 modelul ales<\/span><\/li>\n<li style=\"font-weight: 400;\" aria-level=\"1\"><span style=\"font-weight: 400;\">t\u0103iem la dimensiune etamina\u00a0<\/span><\/li>\n<li style=\"font-weight: 400;\" aria-level=\"1\"><span style=\"font-weight: 400;\">alegem rama potrivit\u0103 care scoate \u00een eviden\u021b\u0103 modelul<\/span><\/li>\n<li style=\"font-weight: 400;\" aria-level=\"1\"><span style=\"font-weight: 400;\">ambal\u0103m delicat produsul \u0219i \u00eel preg\u0103tim de livrare<\/span><\/li>\n<\/ul>\n<p><span style=\"font-weight: 400;\">Fiecare pas presupune r\u0103bdare, migal\u0103, mult\u0103 iubire pentru ce facem \u0219i timp astfel \u00eenc\u00e2t produsul final s\u0103 fie delicat \u0219i rezistent \u00een acela\u0219i timp.<\/span><\/p>\n<p>Te felicit\u0103m pentru contribu\u021bia adus\u0103 la p\u0103strarea tradi\u021biilor, identit\u0103\u021bii \u0219i autenticit\u0103\u021bii rom\u00e2ne\u0219ti. Alegerile tale sunt importante!<\/p>\n<h3><strong>Produs realizat in edi\u021bie limitata!<\/strong><\/h3>","protected":false},"excerpt":{"rendered":"<p>Tablou decor cu motiv tradi\u021bional &#8222;Cusatura artizanala Transilvana&#8221; Acest produs a fost realizat manual reprezent\u00e2nd un motiv inspirat din portul popular rom\u00e2nesc. Modelele dup\u0103 care lucr\u0103m sunt extrase din expozi\u021bii ale muzeelor, c\u0103m\u0103\u0219i str\u0103vechi \u0219i albume cu motive \u021b\u0103r\u0103ne\u0219ti. Motive prezente:\u00a0 Rombul \u00een cusatura artizanala din Trnasilvania, nu avea doar un rol estetic, ci era [&hellip;]<\/p>","protected":false},"featured_media":954,"template":"","meta":[],"product_cat":[55],"product_tag":[50,48,58,57,56],"class_list":["post-953","product","type-product","status-publish","has-post-thumbnail","hentry","product_cat-tablouri-decor","product_tag-cadou","product_tag-comtemporan","product_tag-decor","product_tag-decor-traditional","product_tag-tablou"],"yoast_head":"<!-- This site is optimized with the Yoast SEO plugin v21.5 - https:\/\/yoast.com\/wordpress\/plugins\/seo\/ -->\n<title>Tablou &quot;Cusatura artizanala Transilvana&quot; - Cus\u0103toria Har<\/title>\n<meta name=\"description\" content=\"Steaua Nordului reprezint\u0103 ascensiunea \u0219i apropierea de energia divin\u0103. Este c\u0103l\u0103uza purt\u0103torului, un reper c\u0103tre sursa de lumin\u0103 \u0219i energie\" \/>\n<meta name=\"robots\" content=\"index, follow, max-snippet:-1, max-image-preview:large, max-video-preview:-1\" \/>\n<link rel=\"canonical\" href=\"https:\/\/cusatoriahar.com\/en\/product\/tablou-cusatura-artizanala-transilvana\/\" \/>\n<meta property=\"og:locale\" content=\"en_US\" \/>\n<meta property=\"og:type\" content=\"article\" \/>\n<meta property=\"og:title\" content=\"Tablou &quot;Cusatura artizanala Transilvana&quot; - Cus\u0103toria Har\" \/>\n<meta property=\"og:description\" content=\"Steaua Nordului reprezint\u0103 ascensiunea \u0219i apropierea de energia divin\u0103. Este c\u0103l\u0103uza purt\u0103torului, un reper c\u0103tre sursa de lumin\u0103 \u0219i energie\" \/>\n<meta property=\"og:url\" content=\"https:\/\/cusatoriahar.com\/en\/product\/tablou-cusatura-artizanala-transilvana\/\" \/>\n<meta property=\"og:site_name\" content=\"Cus\u0103toria Har\" \/>\n<meta property=\"article:modified_time\" content=\"2025-10-13T15:13:16+00:00\" \/>\n<meta property=\"og:image\" content=\"https:\/\/cusatoriahar.com\/wp-content\/uploads\/2024\/08\/Photoroom-20240830_123026-1024x1024.png\" \/>\n\t<meta property=\"og:image:width\" content=\"1024\" \/>\n\t<meta property=\"og:image:height\" content=\"1024\" \/>\n\t<meta property=\"og:image:type\" content=\"image\/png\" \/>\n<meta name=\"twitter:card\" content=\"summary_large_image\" \/>\n<meta name=\"twitter:label1\" content=\"Est. reading time\" \/>\n\t<meta name=\"twitter:data1\" content=\"2 minutes\" \/>\n<script type=\"application\/ld+json\" class=\"yoast-schema-graph\">{\"@context\":\"https:\/\/schema.org\",\"@graph\":[{\"@type\":\"WebPage\",\"@id\":\"https:\/\/cusatoriahar.com\/product\/tablou-cusatura-artizanala-transilvana\/\",\"url\":\"https:\/\/cusatoriahar.com\/product\/tablou-cusatura-artizanala-transilvana\/\",\"name\":\"Tablou \\\"Cusatura artizanala Transilvana\\\" - Cus\u0103toria Har\",\"isPartOf\":{\"@id\":\"https:\/\/cusatoriahar.com\/#website\"},\"datePublished\":\"2024-08-30T11:45:36+00:00\",\"dateModified\":\"2025-10-13T15:13:16+00:00\",\"description\":\"Steaua Nordului reprezint\u0103 ascensiunea \u0219i apropierea de energia divin\u0103. Este c\u0103l\u0103uza purt\u0103torului, un reper c\u0103tre sursa de lumin\u0103 \u0219i energie\",\"breadcrumb\":{\"@id\":\"https:\/\/cusatoriahar.com\/product\/tablou-cusatura-artizanala-transilvana\/#breadcrumb\"},\"inLanguage\":\"en-US\",\"potentialAction\":[{\"@type\":\"ReadAction\",\"target\":[\"https:\/\/cusatoriahar.com\/product\/tablou-cusatura-artizanala-transilvana\/\"]}]},{\"@type\":\"BreadcrumbList\",\"@id\":\"https:\/\/cusatoriahar.com\/product\/tablou-cusatura-artizanala-transilvana\/#breadcrumb\",\"itemListElement\":[{\"@type\":\"ListItem\",\"position\":1,\"name\":\"Home\",\"item\":\"https:\/\/cusatoriahar.com\/\"},{\"@type\":\"ListItem\",\"position\":2,\"name\":\"Produse\",\"item\":\"https:\/\/cusatoriahar.com\/shop\/\"},{\"@type\":\"ListItem\",\"position\":3,\"name\":\"Tablou &#8220;Cusatura artizanala Transilvana&#8221;\"}]},{\"@type\":\"WebSite\",\"@id\":\"https:\/\/cusatoriahar.com\/#website\",\"url\":\"https:\/\/cusatoriahar.com\/\",\"name\":\"Cus\u0103toria Har\",\"description\":\"\",\"potentialAction\":[{\"@type\":\"SearchAction\",\"target\":{\"@type\":\"EntryPoint\",\"urlTemplate\":\"https:\/\/cusatoriahar.com\/?s={search_term_string}\"},\"query-input\":\"required name=search_term_string\"}],\"inLanguage\":\"en-US\"}]}<\/script>\n<!-- \/ Yoast SEO plugin. -->","yoast_head_json":{"title":"Tablou \"Cusatura artizanala Transilvana\" - Cus\u0103toria Har","description":"Steaua Nordului reprezint\u0103 ascensiunea \u0219i apropierea de energia divin\u0103. Este c\u0103l\u0103uza purt\u0103torului, un reper c\u0103tre sursa de lumin\u0103 \u0219i energie","robots":{"index":"index","follow":"follow","max-snippet":"max-snippet:-1","max-image-preview":"max-image-preview:large","max-video-preview":"max-video-preview:-1"},"canonical":"https:\/\/cusatoriahar.com\/en\/product\/tablou-cusatura-artizanala-transilvana\/","og_locale":"en_US","og_type":"article","og_title":"Tablou \"Cusatura artizanala Transilvana\" - Cus\u0103toria Har","og_description":"Steaua Nordului reprezint\u0103 ascensiunea \u0219i apropierea de energia divin\u0103. Este c\u0103l\u0103uza purt\u0103torului, un reper c\u0103tre sursa de lumin\u0103 \u0219i energie","og_url":"https:\/\/cusatoriahar.com\/en\/product\/tablou-cusatura-artizanala-transilvana\/","og_site_name":"Cus\u0103toria Har","article_modified_time":"2025-10-13T15:13:16+00:00","og_image":[{"width":1024,"height":1024,"url":"https:\/\/cusatoriahar.com\/wp-content\/uploads\/2024\/08\/Photoroom-20240830_123026-1024x1024.png","type":"image\/png"}],"twitter_card":"summary_large_image","twitter_misc":{"Est. reading time":"2 minutes"},"schema":{"@context":"https:\/\/schema.org","@graph":[{"@type":"WebPage","@id":"https:\/\/cusatoriahar.com\/product\/tablou-cusatura-artizanala-transilvana\/","url":"https:\/\/cusatoriahar.com\/product\/tablou-cusatura-artizanala-transilvana\/","name":"Tablou \"Cusatura artizanala Transilvana\" - Cus\u0103toria Har","isPartOf":{"@id":"https:\/\/cusatoriahar.com\/#website"},"datePublished":"2024-08-30T11:45:36+00:00","dateModified":"2025-10-13T15:13:16+00:00","description":"Steaua Nordului reprezint\u0103 ascensiunea \u0219i apropierea de energia divin\u0103. Este c\u0103l\u0103uza purt\u0103torului, un reper c\u0103tre sursa de lumin\u0103 \u0219i energie","breadcrumb":{"@id":"https:\/\/cusatoriahar.com\/product\/tablou-cusatura-artizanala-transilvana\/#breadcrumb"},"inLanguage":"en-US","potentialAction":[{"@type":"ReadAction","target":["https:\/\/cusatoriahar.com\/product\/tablou-cusatura-artizanala-transilvana\/"]}]},{"@type":"BreadcrumbList","@id":"https:\/\/cusatoriahar.com\/product\/tablou-cusatura-artizanala-transilvana\/#breadcrumb","itemListElement":[{"@type":"ListItem","position":1,"name":"Home","item":"https:\/\/cusatoriahar.com\/"},{"@type":"ListItem","position":2,"name":"Produse","item":"https:\/\/cusatoriahar.com\/shop\/"},{"@type":"ListItem","position":3,"name":"Tablou &#8220;Cusatura artizanala Transilvana&#8221;"}]},{"@type":"WebSite","@id":"https:\/\/cusatoriahar.com\/#website","url":"https:\/\/cusatoriahar.com\/","name":"Cus\u0103toria Har","description":"","potentialAction":[{"@type":"SearchAction","target":{"@type":"EntryPoint","urlTemplate":"https:\/\/cusatoriahar.com\/?s={search_term_string}"},"query-input":"required name=search_term_string"}],"inLanguage":"en-US"}]}},"_links":{"self":[{"href":"https:\/\/cusatoriahar.com\/en\/wp-json\/wp\/v2\/product\/953","targetHints":{"allow":["GET"]}}],"collection":[{"href":"https:\/\/cusatoriahar.com\/en\/wp-json\/wp\/v2\/product"}],"about":[{"href":"https:\/\/cusatoriahar.com\/en\/wp-json\/wp\/v2\/types\/product"}],"wp:featuredmedia":[{"embeddable":true,"href":"https:\/\/cusatoriahar.com\/en\/wp-json\/wp\/v2\/media\/954"}],"wp:attachment":[{"href":"https:\/\/cusatoriahar.com\/en\/wp-json\/wp\/v2\/media?parent=953"}],"wp:term":[{"taxonomy":"product_cat","embeddable":true,"href":"https:\/\/cusatoriahar.com\/en\/wp-json\/wp\/v2\/product_cat?post=953"},{"taxonomy":"product_tag","embeddable":true,"href":"https:\/\/cusatoriahar.com\/en\/wp-json\/wp\/v2\/product_tag?post=953"}],"curies":[{"name":"wp","href":"https:\/\/api.w.org\/{rel}","templated":true}]}}