{"id":972,"date":"2024-12-01T08:57:34","date_gmt":"2024-12-01T08:57:34","guid":{"rendered":"https:\/\/cusatoriahar.com\/?post_type=product&#038;p=972"},"modified":"2025-10-10T12:18:19","modified_gmt":"2025-10-10T12:18:19","slug":"brau-traditional-cusut-manual-tara-motilor-5-cm-x-65-cm","status":"publish","type":"product","link":"https:\/\/cusatoriahar.com\/en\/product\/brau-traditional-cusut-manual-tara-motilor-5-cm-x-65-cm\/","title":{"rendered":"Brau traditional cusut manual &#8222;Tara Motilor&#8221; &#8211; 5 cm x 65 cm"},"content":{"rendered":"<h1>Brau cusut manual &#8222;Tara Motilor&#8221; &#8211; Transilvania<\/h1>\n<p><span style=\"font-weight: 400;\">Fiecare br\u00e2u este creat cu m\u0103iestrie manual\u0103, fiecare cus\u0103tur\u0103 reflect\u00e2nd tradi\u021bia \u0219i pasiunea pentru autenticitate. Motivul tradi\u021bional reprezentat pe acest brau este extras de pe o ie din Tara Motilor, Transilvania. Zona Mun\u021bilor Apuseni se diferen\u021biaz\u0103 de alte regiuni prin ornamentele care le are \u0219i simplitate cromatic\u0103, dar si aspectul sau colorit.\u00a0<\/span><\/p>\n<p><span style=\"font-weight: 400;\">Simbolistica: \u00een afar\u0103 de rolul practic \u0219i estetic, \u00een tradi\u021bia popular\u0103 se mai spune c\u0103 br\u00e2ul este un simbol al mijlocului cerului, este unirea dintre suflet \u0219i for\u021bele cere\u0219ti, partea superioar\u0103 a corpului (deasupra br\u00e2ului) \u0219i cele p\u0103m\u00e2nte\u0219ti reprezentate de partea inferioar\u0103 a corpului (sub br\u00e2u).\u00a0<\/span><\/p>\n<h3><strong>Atentie: stoc limitat, se lucreaza complet manual. Se vinde si pe alte platforme, stocurile nu se\u00a0 pot actualiza intotdeauna in timp real.\u00a0<\/strong><\/h3>\n<p>&nbsp;<\/p>\n<h3><strong>Idei de purtare pentru centura\/braul cel mai versatil, care scoate din anonimat orice tinuta:<\/strong><\/h3>\n<ul>\n<li style=\"font-weight: 400;\" aria-level=\"1\"><span style=\"font-weight: 400;\">Vara pe o ie<\/span><\/li>\n<li style=\"font-weight: 400;\" aria-level=\"1\"><span style=\"font-weight: 400;\">Camasa clasica, lunga sau de in<\/span><\/li>\n<li style=\"font-weight: 400;\" aria-level=\"1\"><span style=\"font-weight: 400;\">Peste sacou \u00een loc de cordonul simplu<\/span><\/li>\n<li style=\"font-weight: 400;\" aria-level=\"1\"><span style=\"font-weight: 400;\">Accentu\u00e2nd talia \u00eentr-o rochie de zi<\/span><\/li>\n<li style=\"font-weight: 400;\" aria-level=\"1\"><span style=\"font-weight: 400;\">Rochie eleganta<\/span><\/li>\n<li style=\"font-weight: 400;\" aria-level=\"1\"><span style=\"font-weight: 400;\">Rochie de in<\/span><\/li>\n<li style=\"font-weight: 400;\" aria-level=\"1\"><span style=\"font-weight: 400;\">In loc de curea\u00a0<\/span><\/li>\n<li style=\"font-weight: 400;\" aria-level=\"1\"><span style=\"font-weight: 400;\">Peste un tricou mai lung<\/span><\/li>\n<li style=\"font-weight: 400;\" aria-level=\"1\"><span style=\"font-weight: 400;\">Peste palton\/pardesiu\/trenci<\/span><\/li>\n<\/ul>\n<h3><strong>Dimensiune:\u00a0<\/strong><\/h3>\n<ul>\n<li style=\"font-weight: 400;\" aria-level=\"1\"><span style=\"font-weight: 400;\">L\u0103\u021bime: 5 cm<\/span><\/li>\n<li style=\"font-weight: 400;\" aria-level=\"1\"><span style=\"font-weight: 400;\">Lungime: 65 cm (fara panglica)<\/span><\/li>\n<li style=\"font-weight: 400;\" aria-level=\"1\"><span style=\"font-weight: 400;\">Panglic\u0103 lung\u0103: 80 cm pe fiecare parte, in total 160 cm (poate fi t\u0103iat\u0103 dup\u0103 preferin\u021bele \u0219i talia cump\u0103r\u0103torului)<\/span><\/li>\n<\/ul>\n<p><span style=\"font-weight: 400;\">Recomandare: br\u00e2ul nu este necesar sa fie de aceea\u0219i lungime cat este talia dumneavoastra. Daca ramane putin spatiu, veti putea lega o fundita frumoasa la spate<\/span><span style=\"font-weight: 400;\">. V<\/span><span style=\"font-weight: 400;\">\u0103<\/span><span style=\"font-weight: 400;\"> asigur<\/span><span style=\"font-weight: 400;\">\u0103<\/span><span style=\"font-weight: 400;\">m c<\/span><span style=\"font-weight: 400;\">\u0103<\/span><span style=\"font-weight: 400;\"> va ar<\/span><span style=\"font-weight: 400;\">\u0103<\/span><span style=\"font-weight: 400;\">ta superb 360*. Panglica se poate taia la lungimea preferat<\/span><span style=\"font-weight: 400;\">\u0103<\/span><span style=\"font-weight: 400;\"> de dumneavoastr<\/span><span style=\"font-weight: 400;\">\u0103<\/span><span style=\"font-weight: 400;\">. Dup\u0103 t\u0103ierea, v<\/span><span style=\"font-weight: 400;\">\u0103<\/span><span style=\"font-weight: 400;\"> recomand\u0103m s<\/span><span style=\"font-weight: 400;\">\u0103<\/span><span style=\"font-weight: 400;\"> ardeti u\u0219or capetele acesteia, astfel inc\u00e2t s<\/span><span style=\"font-weight: 400;\">\u0103<\/span><span style=\"font-weight: 400;\"> v<\/span><span style=\"font-weight: 400;\">\u0103<\/span><span style=\"font-weight: 400;\"> asigurati c<\/span><span style=\"font-weight: 400;\">\u0103<\/span><span style=\"font-weight: 400;\"> panglica nu se va destr<\/span><span style=\"font-weight: 400;\">\u0103<\/span><span style=\"font-weight: 400;\">ma. Acest lucru nu ii va afecta aspectul \u0219i nu va innegri panglica.\u00a0<\/span><\/p>\n<h3><strong>Intretinere:\u00a0<\/strong><\/h3>\n<p><span style=\"font-weight: 400;\">Recomandam sp\u0103lare la ma\u0219in\u0103 la temperaturi scazute 20-30 grade, de preferat spalare manuala. Se calca in mod obisnuit la nivel mediu.<\/span><\/p>\n<p><span style=\"font-weight: 400;\">Cine este artizanul? Toate produsele marca Cusatoria HAR sunt realizate de femei pasionate de traditie, cu r<\/span><span style=\"font-weight: 400;\">\u0103<\/span><span style=\"font-weight: 400;\">bdare, migal<\/span><span style=\"font-weight: 400;\">\u0103<\/span><span style=\"font-weight: 400;\"> \u0219i m<\/span><span style=\"font-weight: 400;\">\u0103<\/span><span style=\"font-weight: 400;\">iestrie.\u00a0<\/span><\/p>\n<p><span style=\"font-weight: 400;\">Cum? <\/span><span style=\"font-weight: 400;\">Cus\u0103tura este realizat<\/span><span style=\"font-weight: 400;\">\u0103<\/span><span style=\"font-weight: 400;\"> pe <\/span><span style=\"font-weight: 400;\">etamin\u0103 din bumbac, o band\u0103 special\u0103 care nu permite destr\u0103marea lui pe margini, rezist\u00e2nd mai u\u0219or testului timpului. Pentru protejarea cus\u0103turii, pe spatele br\u00e2ului este pus un material special care se lipe\u0219te de firele de a\u021b\u0103 si le protejeaza sa nu se destrame sau agate. Panglica folosit\u0103 este dublu satinat\u0103, de calitate superioar\u0103 pentru aspect deluxe.\u00a0<\/span><\/p>\n<p><span style=\"font-weight: 400;\">Aici gasesti mai multe detalii despre procesul nostru de crea\u021bie: https:\/\/cusatoriahar.com\/2024\/02\/11\/6-etape-ale-realizarii-unui-brau\/<\/span><\/p>\n<h3><strong>Personalizare:\u00a0<\/strong><\/h3>\n<p><span style=\"font-weight: 400;\">Iti place modelul, dar poate culoarea sau lungimea \u021bi se pare nepotrivit\u0103 pentru \u021binuta ta? Completeaza datele de contact in formularul de mai jos \u0219i vom reveni \u00een cel mai scurt timp pentru stabilirea detaliilor. Termenul de livrare poate varia \u00een func\u021bie de tipul personalizarii, \u00eentre 10-15 zile.<\/span><\/p>\n<h3><strong>Livrare:\u00a0<\/strong><\/h3>\n<p><span style=\"font-weight: 400;\">\u00a03-5 zile lucratoare de data plas\u0103rii comenzii in functie de volumul comenzilor si disponibilitate. Daca timpul se modifica, veti fi anuntat in cel mai scurt timp. <\/span><span style=\"font-weight: 400;\">Cost livrare \u00een Rom\u00e2nia: 19 lei.\u00a0<\/span><\/p>\n<h3><strong>Livrare gratuita<\/strong><span style=\"font-weight: 400;\">\u00a0pentru comenzi peste 300 lei.\u00a0<\/span><\/h3>\n<p><span style=\"font-weight: 400;\">Posibilitate de retur: \u00een termen de 10 de la primirea coletului. Ve\u021bi primi banii \u00eenapoi \u00een contul bancar \u00een termen de 7 zile de la primirea coletului de catre Cusatoria Har. Costul transportului pentru retur il veti achita dumneavoastra. Conditie retur: in ambalajul original, fara defecte sau urme de purtare\/uzura.\u00a0<\/span><\/p>","protected":false},"excerpt":{"rendered":"<p>P\u0103\u0219e\u0219te \u00een lumea rafinat\u0103 a tradi\u021biilor rom\u00e2ne\u0219ti cu purt\u00e2nd acest br\u00e2u cusut manual de la Cus\u0103toria Har. Cu motive tradi\u021bionale preluate de pe ii rom\u00e2ne\u0219ti, aceast\u0103 br\u00e2u devine mai mult dec\u00e2t un simplu accesoriu \u2013 devine o capodoper\u0103 a artizanatului.<\/p>\n<p>Ofer\u0103-l cadou si creeaz\u0103 o amintire de neuitat. Mai mult dec\u00e2t un cadou, este o pies\u0103 care p\u0103streaz\u0103 \u00een ea povestea tradi\u021biilor rom\u00e2ne\u0219ti. Cu fiecare purtare, aceast\u0103 br\u00e2u devine o conexiune cu cultura \u0219i frumuse\u021bea autentic\u0103 a Rom\u00e2niei.<\/p>","protected":false},"featured_media":978,"template":"","meta":[],"product_cat":[61,60],"product_tag":[19,20,30],"class_list":["post-972","product","type-product","status-publish","has-post-thumbnail","hentry","product_cat-baruri-latime-5-cm","product_cat-brauri","product_tag-brosa","product_tag-etnoroza","product_tag-galben"],"yoast_head":"<!-- This site is optimized with the Yoast SEO plugin v21.5 - https:\/\/yoast.com\/wordpress\/plugins\/seo\/ -->\n<title>Brau traditional cusut manual &quot;Tara Motilor&quot; - 5 cm x 65 cm - Cus\u0103toria Har<\/title>\n<meta name=\"description\" content=\"Adaug\u0103 un strop de rafinament rom\u00e2nesc \u00een garderoba ta cu Bro\u0219a cusut\u0103 manual EtnoRoza Galben\u0103 de Cus\u0103toria Har. \u00cemp\u0103rt\u0103\u0219e\u0219te elegan\u021ba motivelor rom\u00e2ne\u0219ti.\" \/>\n<meta name=\"robots\" content=\"index, follow, max-snippet:-1, max-image-preview:large, max-video-preview:-1\" \/>\n<link rel=\"canonical\" href=\"https:\/\/cusatoriahar.com\/en\/product\/brau-traditional-cusut-manual-tara-motilor-5-cm-x-65-cm\/\" \/>\n<meta property=\"og:locale\" content=\"en_US\" \/>\n<meta property=\"og:type\" content=\"article\" \/>\n<meta property=\"og:title\" content=\"Brau traditional cusut manual &quot;Tara Motilor&quot; - 5 cm x 65 cm - Cus\u0103toria Har\" \/>\n<meta property=\"og:description\" content=\"Adaug\u0103 un strop de rafinament rom\u00e2nesc \u00een garderoba ta cu Bro\u0219a cusut\u0103 manual EtnoRoza Galben\u0103 de Cus\u0103toria Har. \u00cemp\u0103rt\u0103\u0219e\u0219te elegan\u021ba motivelor rom\u00e2ne\u0219ti.\" \/>\n<meta property=\"og:url\" content=\"https:\/\/cusatoriahar.com\/en\/product\/brau-traditional-cusut-manual-tara-motilor-5-cm-x-65-cm\/\" \/>\n<meta property=\"og:site_name\" content=\"Cus\u0103toria Har\" \/>\n<meta property=\"article:modified_time\" content=\"2025-10-10T12:18:19+00:00\" \/>\n<meta property=\"og:image\" content=\"https:\/\/cusatoriahar.com\/wp-content\/uploads\/2024\/12\/Brau-Tara-Motilor-rochie-si-fundal-dim-mica.png\" \/>\n\t<meta property=\"og:image:width\" content=\"1087\" \/>\n\t<meta property=\"og:image:height\" content=\"1449\" \/>\n\t<meta property=\"og:image:type\" content=\"image\/png\" \/>\n<meta name=\"twitter:card\" content=\"summary_large_image\" \/>\n<meta name=\"twitter:label1\" content=\"Est. reading time\" \/>\n\t<meta name=\"twitter:data1\" content=\"3 minutes\" \/>\n<script type=\"application\/ld+json\" class=\"yoast-schema-graph\">{\"@context\":\"https:\/\/schema.org\",\"@graph\":[{\"@type\":\"WebPage\",\"@id\":\"https:\/\/cusatoriahar.com\/product\/brau-traditional-cusut-manual-tara-motilor-5-cm-x-65-cm\/\",\"url\":\"https:\/\/cusatoriahar.com\/product\/brau-traditional-cusut-manual-tara-motilor-5-cm-x-65-cm\/\",\"name\":\"Brau traditional cusut manual \\\"Tara Motilor\\\" - 5 cm x 65 cm - Cus\u0103toria Har\",\"isPartOf\":{\"@id\":\"https:\/\/cusatoriahar.com\/#website\"},\"datePublished\":\"2024-12-01T08:57:34+00:00\",\"dateModified\":\"2025-10-10T12:18:19+00:00\",\"description\":\"Adaug\u0103 un strop de rafinament rom\u00e2nesc \u00een garderoba ta cu Bro\u0219a cusut\u0103 manual EtnoRoza Galben\u0103 de Cus\u0103toria Har. \u00cemp\u0103rt\u0103\u0219e\u0219te elegan\u021ba motivelor rom\u00e2ne\u0219ti.\",\"breadcrumb\":{\"@id\":\"https:\/\/cusatoriahar.com\/product\/brau-traditional-cusut-manual-tara-motilor-5-cm-x-65-cm\/#breadcrumb\"},\"inLanguage\":\"en-US\",\"potentialAction\":[{\"@type\":\"ReadAction\",\"target\":[\"https:\/\/cusatoriahar.com\/product\/brau-traditional-cusut-manual-tara-motilor-5-cm-x-65-cm\/\"]}]},{\"@type\":\"BreadcrumbList\",\"@id\":\"https:\/\/cusatoriahar.com\/product\/brau-traditional-cusut-manual-tara-motilor-5-cm-x-65-cm\/#breadcrumb\",\"itemListElement\":[{\"@type\":\"ListItem\",\"position\":1,\"name\":\"Home\",\"item\":\"https:\/\/cusatoriahar.com\/\"},{\"@type\":\"ListItem\",\"position\":2,\"name\":\"Produse\",\"item\":\"https:\/\/cusatoriahar.com\/shop\/\"},{\"@type\":\"ListItem\",\"position\":3,\"name\":\"Brau traditional cusut manual &#8220;Tara Motilor&#8221; &#8211; 5 cm x 65 cm\"}]},{\"@type\":\"WebSite\",\"@id\":\"https:\/\/cusatoriahar.com\/#website\",\"url\":\"https:\/\/cusatoriahar.com\/\",\"name\":\"Cus\u0103toria Har\",\"description\":\"\",\"potentialAction\":[{\"@type\":\"SearchAction\",\"target\":{\"@type\":\"EntryPoint\",\"urlTemplate\":\"https:\/\/cusatoriahar.com\/?s={search_term_string}\"},\"query-input\":\"required name=search_term_string\"}],\"inLanguage\":\"en-US\"}]}<\/script>\n<!-- \/ Yoast SEO plugin. -->","yoast_head_json":{"title":"Brau traditional cusut manual \"Tara Motilor\" - 5 cm x 65 cm - Cus\u0103toria Har","description":"Adaug\u0103 un strop de rafinament rom\u00e2nesc \u00een garderoba ta cu Bro\u0219a cusut\u0103 manual EtnoRoza Galben\u0103 de Cus\u0103toria Har. \u00cemp\u0103rt\u0103\u0219e\u0219te elegan\u021ba motivelor rom\u00e2ne\u0219ti.","robots":{"index":"index","follow":"follow","max-snippet":"max-snippet:-1","max-image-preview":"max-image-preview:large","max-video-preview":"max-video-preview:-1"},"canonical":"https:\/\/cusatoriahar.com\/en\/product\/brau-traditional-cusut-manual-tara-motilor-5-cm-x-65-cm\/","og_locale":"en_US","og_type":"article","og_title":"Brau traditional cusut manual \"Tara Motilor\" - 5 cm x 65 cm - Cus\u0103toria Har","og_description":"Adaug\u0103 un strop de rafinament rom\u00e2nesc \u00een garderoba ta cu Bro\u0219a cusut\u0103 manual EtnoRoza Galben\u0103 de Cus\u0103toria Har. \u00cemp\u0103rt\u0103\u0219e\u0219te elegan\u021ba motivelor rom\u00e2ne\u0219ti.","og_url":"https:\/\/cusatoriahar.com\/en\/product\/brau-traditional-cusut-manual-tara-motilor-5-cm-x-65-cm\/","og_site_name":"Cus\u0103toria Har","article_modified_time":"2025-10-10T12:18:19+00:00","og_image":[{"width":1087,"height":1449,"url":"https:\/\/cusatoriahar.com\/wp-content\/uploads\/2024\/12\/Brau-Tara-Motilor-rochie-si-fundal-dim-mica.png","type":"image\/png"}],"twitter_card":"summary_large_image","twitter_misc":{"Est. reading time":"3 minutes"},"schema":{"@context":"https:\/\/schema.org","@graph":[{"@type":"WebPage","@id":"https:\/\/cusatoriahar.com\/product\/brau-traditional-cusut-manual-tara-motilor-5-cm-x-65-cm\/","url":"https:\/\/cusatoriahar.com\/product\/brau-traditional-cusut-manual-tara-motilor-5-cm-x-65-cm\/","name":"Brau traditional cusut manual \"Tara Motilor\" - 5 cm x 65 cm - Cus\u0103toria Har","isPartOf":{"@id":"https:\/\/cusatoriahar.com\/#website"},"datePublished":"2024-12-01T08:57:34+00:00","dateModified":"2025-10-10T12:18:19+00:00","description":"Adaug\u0103 un strop de rafinament rom\u00e2nesc \u00een garderoba ta cu Bro\u0219a cusut\u0103 manual EtnoRoza Galben\u0103 de Cus\u0103toria Har. \u00cemp\u0103rt\u0103\u0219e\u0219te elegan\u021ba motivelor rom\u00e2ne\u0219ti.","breadcrumb":{"@id":"https:\/\/cusatoriahar.com\/product\/brau-traditional-cusut-manual-tara-motilor-5-cm-x-65-cm\/#breadcrumb"},"inLanguage":"en-US","potentialAction":[{"@type":"ReadAction","target":["https:\/\/cusatoriahar.com\/product\/brau-traditional-cusut-manual-tara-motilor-5-cm-x-65-cm\/"]}]},{"@type":"BreadcrumbList","@id":"https:\/\/cusatoriahar.com\/product\/brau-traditional-cusut-manual-tara-motilor-5-cm-x-65-cm\/#breadcrumb","itemListElement":[{"@type":"ListItem","position":1,"name":"Home","item":"https:\/\/cusatoriahar.com\/"},{"@type":"ListItem","position":2,"name":"Produse","item":"https:\/\/cusatoriahar.com\/shop\/"},{"@type":"ListItem","position":3,"name":"Brau traditional cusut manual &#8220;Tara Motilor&#8221; &#8211; 5 cm x 65 cm"}]},{"@type":"WebSite","@id":"https:\/\/cusatoriahar.com\/#website","url":"https:\/\/cusatoriahar.com\/","name":"Cus\u0103toria Har","description":"","potentialAction":[{"@type":"SearchAction","target":{"@type":"EntryPoint","urlTemplate":"https:\/\/cusatoriahar.com\/?s={search_term_string}"},"query-input":"required name=search_term_string"}],"inLanguage":"en-US"}]}},"_links":{"self":[{"href":"https:\/\/cusatoriahar.com\/en\/wp-json\/wp\/v2\/product\/972","targetHints":{"allow":["GET"]}}],"collection":[{"href":"https:\/\/cusatoriahar.com\/en\/wp-json\/wp\/v2\/product"}],"about":[{"href":"https:\/\/cusatoriahar.com\/en\/wp-json\/wp\/v2\/types\/product"}],"wp:featuredmedia":[{"embeddable":true,"href":"https:\/\/cusatoriahar.com\/en\/wp-json\/wp\/v2\/media\/978"}],"wp:attachment":[{"href":"https:\/\/cusatoriahar.com\/en\/wp-json\/wp\/v2\/media?parent=972"}],"wp:term":[{"taxonomy":"product_cat","embeddable":true,"href":"https:\/\/cusatoriahar.com\/en\/wp-json\/wp\/v2\/product_cat?post=972"},{"taxonomy":"product_tag","embeddable":true,"href":"https:\/\/cusatoriahar.com\/en\/wp-json\/wp\/v2\/product_tag?post=972"}],"curies":[{"name":"wp","href":"https:\/\/api.w.org\/{rel}","templated":true}]}}